{"id":6336,"date":"2019-09-15T19:59:02","date_gmt":"2019-09-15T19:59:02","guid":{"rendered":"https:\/\/ayhanarslan.com\/projects\/0025desos\/?page_id=6336"},"modified":"2020-04-04T11:02:37","modified_gmt":"2020-04-04T11:02:37","slug":"desostone","status":"publish","type":"page","link":"https:\/\/www.desos.com\/en_US\/desostone\/","title":{"rendered":"DesoStone"},"content":{"rendered":"<div class=\"wpb-content-wrapper\"><p>[vc_row full_height=&#8221;yes&#8221;][vc_column][rev_slider_vc alias=&#8221;desostone&#8221; enable_paspartu=&#8221;no&#8221;][\/vc_column][\/vc_row][vc_row full_width=&#8221;stretch_row_content&#8221; css=&#8221;.vc_custom_1557429123731{padding-top: 0px !important;padding-bottom: 0px !important;}&#8221;][vc_column]<div class=\"qodef-elements-holder   qodef-three-columns  qodef-responsive-mode-768 \" ><div class=\"qodef-eh-item    \" style=\"background-color: #f8f8f8\" data-item-class=\"qodef-eh-custom-1801\" data-1367-1600=\"87px 0 94px 44%\" data-1025-1366=\"87px 0 94px 44%\" data-769-1024=\"87px 0 94px 24%\" data-681-768=\"87px 0 0 41%\" data-680=\"87px 0 0 28%\">\n\t<div class=\"qodef-eh-item-inner\">\n\t\t<div class=\"qodef-eh-item-content qodef-eh-custom-1801\" style=\"padding: 87px 0 94px 54%\">\n\t\t\t[vc_column_text]<\/p>\n<h2><span style=\"font-size: 35px;\">65 MPa<\/span><\/h2>\n<h4 style=\"margin-top: 9px;\">Compressive Strength<\/h4>\n<p>[\/vc_column_text]\t\t<\/div>\n\t<\/div>\n<\/div><div class=\"qodef-eh-item    \" style=\"background-color: #f8f8f8\" data-item-class=\"qodef-eh-custom-6535\" data-1367-1600=\"87px 0 94px 95px\" data-1025-1366=\"87px 0 94px 87px\" data-769-1024=\"87px 0 94px 37px\" data-681-768=\"60px 0 0 41%\" data-680=\"60px 0 0 28%\">\n\t<div class=\"qodef-eh-item-inner\">\n\t\t<div class=\"qodef-eh-item-content qodef-eh-custom-6535\" style=\"padding: 87px 0 94px 150px\">\n\t\t\t[vc_column_text]<\/p>\n<h2><span style=\"font-size: 35px;\">25 MPa<\/span><\/h2>\n<h4 style=\"margin-top: 9px;\">Flexural Strength<\/h4>\n<p>[\/vc_column_text]\t\t<\/div>\n\t<\/div>\n<\/div><div class=\"qodef-eh-item    \" style=\"background-color: #f8f8f8\" data-item-class=\"qodef-eh-custom-1552\" data-1367-1600=\"87px 0 94px 65px\" data-1025-1366=\"87px 0 94px 53px\" data-769-1024=\"87px 0 94px 15px\" data-681-768=\"60px 0 0 41%\" data-680=\"60px 0 0 28%\">\n\t<div class=\"qodef-eh-item-inner\">\n\t\t<div class=\"qodef-eh-item-content qodef-eh-custom-1552\" style=\"padding: 87px 0 94px 85px\">\n\t\t\t[vc_column_text]<\/p>\n<h2><span style=\"font-size: 35px;\">A1<\/span><\/h2>\n<h4 style=\"margin-top: 9px;\">Class Fire Resistance<\/h4>\n<p>[\/vc_column_text]\t\t<\/div>\n\t<\/div>\n<\/div><div class=\"qodef-eh-item    \" style=\"background-color: #f8f8f8\" data-item-class=\"qodef-eh-custom-3634\" data-1367-1600=\"87px 0 94px 40px\" data-1025-1366=\"87px 0 94px 70px\" data-769-1024=\"87px 0 94px 50px\" data-681-768=\"60px 0 0 41%\" data-680=\"60px 0 0 28%\">\n\t<div class=\"qodef-eh-item-inner\">\n\t\t<div class=\"qodef-eh-item-content qodef-eh-custom-3634\" style=\"padding: 87px 0 94px 70px\">\n\t\t\t[vc_column_text]<\/p>\n<h2><span style=\"font-size: 35px;\">Unlimited<\/span><\/h2>\n<h4 style=\"margin-top: 9px;\">Color, Texture &amp; Size Combinations<\/h4>\n<p>[\/vc_column_text]\t\t<\/div>\n\t<\/div>\n<\/div><div class=\"qodef-eh-item    \" style=\"background-color: #f8f8f8\" data-item-class=\"qodef-eh-custom-7670\" data-1367-1600=\"87px 0 94px 10px\" data-1025-1366=\"87px 0 94px 25px\" data-769-1024=\"87px 0 94px 20px\" data-681-768=\"60px 0 95px 41%\" data-680=\"60px 0 95px 28%\">\n\t<div class=\"qodef-eh-item-inner\">\n\t\t<div class=\"qodef-eh-item-content qodef-eh-custom-7670\" style=\"padding: 87px 0 94px 0px\">\n\t\t\t[vc_column_text]<\/p>\n<h2><span style=\"font-size: 35px;\">Heat Insulation<\/span><\/h2>\n<h4 style=\"margin-top: 9px;\">With Stone-Wool<\/h4>\n<p>[\/vc_column_text]\t\t<\/div>\n\t<\/div>\n<\/div><\/div>[\/vc_column][\/vc_row][vc_row][vc_column width=&#8221;1\/4&#8243;][\/vc_column][vc_column width=&#8221;1\/2&#8243;][vc_empty_space height=&#8221;60px&#8221;][vc_single_image image=&#8221;6554&#8243; img_size=&#8221;full&#8221; alignment=&#8221;center&#8221;][vc_empty_space height=&#8221;60px&#8221;]<div class=\"qodef-section-title-holder  qodef-st-standard qodef-st-title-left qodef-st-normal-space \" style=\"text-align: center\">\n\t<div class=\"qodef-st-inner\">\n\t\t\t\t\t\t\t<h2 class=\"qodef-st-title\" >\n\t\t\t\t12 mm's thick, yet formidable\t\t\t<\/h2>\n\t\t\t\t\t\t\t<h4 class=\"qodef-st-text\" style=\"font-size: 18px;font-weight: 400\">\n\t\t\t\tDiscover DesoStone with its democratic solutions for facade cladding. Mix up colors, sizes, and textures and create the most dynamic facades.\t\t\t<\/h4>\n\t\t\t<\/div>\n<\/div>[vc_empty_space height=&#8221;60px&#8221;][\/vc_column][vc_column width=&#8221;1\/4&#8243;][\/vc_column][\/vc_row][vc_row][vc_column width=&#8221;1\/3&#8243;][vc_single_image image=&#8221;6677&#8243; img_size=&#8221;full&#8221; alignment=&#8221;center&#8221;][vc_empty_space height=&#8221;30px&#8221;]<div class=\"qodef-section-title-holder  qodef-st-standard qodef-st-title-left qodef-st-normal-space \" style=\"text-align: center\">\n\t<div class=\"qodef-st-inner\">\n\t\t\t\t\t\t\t<h2 class=\"qodef-st-title\" >\n\t\t\t\tS\u0131n\u0131rs\u0131z Kombinasyon\t\t\t<\/h2>\n\t\t\t\t\t\t\t<h4 class=\"qodef-st-text\" style=\"font-size: 18px;font-weight: 400\">\n\t\t\t\t\u0130stenilen her form, doku ve renkte \u00fcretilebilen DESOCON mimari detaylarda hareket alan\u0131 sa\u011flad\u0131\u011f\u0131 gibi tasar\u0131mlar\u0131n\u0131z\u0131n minimum sapmayla ger\u00e7e\u011fe d\u00f6n\u00fc\u015fmesine izin verir\t\t\t<\/h4>\n\t\t\t<\/div>\n<\/div>[\/vc_column][vc_column width=&#8221;1\/3&#8243;][vc_single_image image=&#8221;6684&#8243; img_size=&#8221;full&#8221; alignment=&#8221;center&#8221;][vc_empty_space height=&#8221;30px&#8221;]<div class=\"qodef-section-title-holder  qodef-st-standard qodef-st-title-left qodef-st-normal-space \" style=\"text-align: center\">\n\t<div class=\"qodef-st-inner\">\n\t\t\t\t\t\t\t<h2 class=\"qodef-st-title\" >\n\t\t\t\tY\u00fcksek Performans\t\t\t<\/h2>\n\t\t\t\t\t\t\t<h4 class=\"qodef-st-text\" style=\"font-size: 18px;font-weight: 400\">\n\t\t\t\t\u00d6zel olarak geli\u015ftirilmi\u015f re\u00e7etelerimiz, di\u011fer cam elyaf takviyeli beton t\u00fcrlerine g\u00f6re daha y\u00fcksek mukavemet de\u011ferlerine ula\u015fmam\u0131z\u0131 sa\u011fl\u0131yor\t\t\t<\/h4>\n\t\t\t<\/div>\n<\/div>[\/vc_column][vc_column width=&#8221;1\/3&#8243;][vc_single_image image=&#8221;6682&#8243; img_size=&#8221;full&#8221; alignment=&#8221;center&#8221;][vc_empty_space height=&#8221;30px&#8221;]<div class=\"qodef-section-title-holder  qodef-st-standard qodef-st-title-left qodef-st-normal-space \" style=\"text-align: center\">\n\t<div class=\"qodef-st-inner\">\n\t\t\t\t\t\t\t<h2 class=\"qodef-st-title\" >\n\t\t\t\tYang\u0131n Korumas\u0131\t\t\t<\/h2>\n\t\t\t\t\t\t\t<h4 class=\"qodef-st-text\" style=\"font-size: 18px;font-weight: 400\">\n\t\t\t\tDIN 4102, A1 S\u0131n\u0131f\u0131 yang\u0131na dayan\u0131m \u00f6zelli\u011fi bulunan DESOCON ayn\u0131 zamanda d\u00fc\u015f\u00fck \u0131s\u0131l iletkenlik de\u011ferleri sayesinde mutlak emniyet sa\u011flar\t\t\t<\/h4>\n\t\t\t<\/div>\n<\/div>[\/vc_column][\/vc_row][vc_row css=&#8221;.vc_custom_1557429680020{padding-top: 60px !important;}&#8221;][vc_column width=&#8221;1\/3&#8243;][vc_single_image image=&#8221;6681&#8243; img_size=&#8221;full&#8221; alignment=&#8221;center&#8221;][vc_empty_space height=&#8221;30px&#8221;]<div class=\"qodef-section-title-holder  qodef-st-standard qodef-st-title-left qodef-st-normal-space \" style=\"text-align: center\">\n\t<div class=\"qodef-st-inner\">\n\t\t\t\t\t\t\t<h2 class=\"qodef-st-title\" >\n\t\t\t\tAR Tipi Cam Elyaf\t\t\t<\/h2>\n\t\t\t\t\t\t\t<h4 class=\"qodef-st-text\" style=\"font-size: 18px;font-weight: 400\">\n\t\t\t\tDESOCON \u00fcretiminde yaln\u0131zca AR (Alkali Resistant) tipi cam elyaf kullan\u0131yoruz \u00e7\u00fcnk\u00fc betonun bazik yap\u0131s\u0131 sebebiyle normal cam elyaflar y\u0131llar i\u00e7inde eriyerek malzemeyi tamamen kullan\u0131lamaz hale getirir\t\t\t<\/h4>\n\t\t\t<\/div>\n<\/div>[\/vc_column][vc_column width=&#8221;1\/3&#8243;][vc_single_image image=&#8221;6683&#8243; img_size=&#8221;full&#8221; alignment=&#8221;center&#8221;][vc_empty_space height=&#8221;30px&#8221;]<div class=\"qodef-section-title-holder  qodef-st-standard qodef-st-title-left qodef-st-normal-space \" style=\"text-align: center\">\n\t<div class=\"qodef-st-inner\">\n\t\t\t\t\t\t\t<h2 class=\"qodef-st-title\" >\n\t\t\t\tMontaj\t\t\t<\/h2>\n\t\t\t\t\t\t\t<h4 class=\"qodef-st-text\" style=\"font-size: 18px;font-weight: 400\">\n\t\t\t\tOnlarca montaj detay\u0131 aras\u0131ndan proje odakl\u0131 detaylar olu\u015fturularak h\u0131zl\u0131 ve hassas bir montaj sa\u011flan\u0131r.\t\t\t<\/h4>\n\t\t\t<\/div>\n<\/div>[\/vc_column][vc_column width=&#8221;1\/3&#8243;][vc_single_image image=&#8221;6676&#8243; img_size=&#8221;full&#8221; alignment=&#8221;center&#8221;][vc_empty_space height=&#8221;30px&#8221;]<div class=\"qodef-section-title-holder  qodef-st-standard qodef-st-title-left qodef-st-normal-space \" style=\"text-align: center\">\n\t<div class=\"qodef-st-inner\">\n\t\t\t\t\t\t\t<h2 class=\"qodef-st-title\" >\n\t\t\t\t\u0130zolasyon\t\t\t<\/h2>\n\t\t\t\t\t\t\t<h4 class=\"qodef-st-text\" style=\"font-size: 18px;font-weight: 400\">\n\t\t\t\tSize ve projenize g\u00f6re tasarlanan, modellenen ve \u00fcretilen DESOCON elemanlar, cephede s\u00fcrekli bir ak\u0131\u015fa izin verir\t\t\t<\/h4>\n\t\t\t<\/div>\n<\/div>[\/vc_column][\/vc_row][vc_row row_content_width=&#8221;grid&#8221; css=&#8221;.vc_custom_1544010040074{padding-top: 130px !important;padding-bottom: 130px !important;}&#8221;][vc_column offset=&#8221;vc_col-lg-6 vc_col-md-12&#8243;]<div class=\"qodef-visual-effects-holder  qodef-veh-uncover qodef-veh-from-left\" >\n\t<div class=\"qodef-veh-inner\">\n\t\t\t\t\t<div class=\"qodef-veh-mask\"  style=\"background-color: #ffffff\"><\/div>\n\t\t\t\t<div class=\"qodef-veh-content\">\n\t\t\t[vc_single_image image=&#8221;5662&#8243; img_size=&#8221;full&#8221;]\t\t<\/div>\n\t<\/div>\n<\/div>[\/vc_column][vc_column offset=&#8221;vc_col-lg-6 vc_col-md-12&#8243;]<div class=\"qodef-elements-holder   qodef-one-column  qodef-responsive-mode-768 \" ><div class=\"qodef-eh-item    \"  data-item-class=\"qodef-eh-custom-3697\" data-769-1024=\"80px 125px 0 0\" data-681-768=\"80px 0 0 0\" data-680=\"80px 0 0 0\">\n\t<div class=\"qodef-eh-item-inner\">\n\t\t<div class=\"qodef-eh-item-content qodef-eh-custom-3697\" >\n\t\t\t<div class=\"qodef-section-title-holder  qodef-st-standard qodef-st-title-left qodef-st-normal-space \" >\n\t<div class=\"qodef-st-inner\">\n\t\t\t\t\t\t\t<h1 class=\"qodef-st-title\" >\n\t\t\t\tMaterial Performance\t\t\t<\/h1>\n\t\t\t\t\t\t\t<h4 class=\"qodef-st-text\" style=\"font-size: 18px;line-height: 26px;font-weight: 400\">\n\t\t\t\tYou can see the physical properties of DesoStone below, see if it fulfills your needs and if not select a different Desos product which will.\t\t\t<\/h4>\n\t\t\t<\/div>\n<\/div>[vc_empty_space height=&#8221;14px&#8221;][vc_empty_space height=&#8221;20px&#8221;][vc_column_text]<\/p>\n<h5 style=\"margin: 0 10px 0 0; display: inline-block;\">Compressive Strenght:<\/h5>\n<p style=\"display: inline-block;\"><span style=\"color: #989898;\">fc: 40-65 N \/mm2 <\/span><\/p>\n<p>[\/vc_column_text][vc_column_text]<\/p>\n<h5 style=\"margin: 0 10px 0 0; display: inline-block;\">Flexural Strenght:<\/h5>\n<p style=\"display: inline-block;\"><span style=\"color: #989898;\">MOR: 15-25 N \/ mm\u00b2<\/span><\/p>\n<p>[\/vc_column_text][vc_column_text]<\/p>\n<h5 style=\"margin: 0 10px 0 0; display: inline-block;\">Thickness:<\/h5>\n<p style=\"display: inline-block;\"><span style=\"color: #989898;\">12 mm&#8217;s<\/span><\/p>\n<p>[\/vc_column_text][vc_column_text]<\/p>\n<h5 style=\"margin: 0 10px 0 0; display: inline-block;\">Tensile Strenght:<\/h5>\n<p style=\"display: inline-block;\"><span style=\"color: #989898;\">fct: 5-12 N \/ mm\u00b2<\/span><\/p>\n<p>[\/vc_column_text][vc_column_text]<\/p>\n<h5 style=\"margin: 0 10px 0 0; display: inline-block;\">Limit of Proportionality:<\/h5>\n<p style=\"display: inline-block;\"><span style=\"color: #989898;\">LOP: 7-9 N \/ mm\u00b2\u00a0<\/span><\/p>\n<p>[\/vc_column_text][vc_column_text]<\/p>\n<h5 style=\"margin: 0 10px 0 0; display: inline-block;\">Expansion Limit:<\/h5>\n<p style=\"display: inline-block;\"><span style=\"color: #989898;\">eu: 0,5-4 %<\/span><\/p>\n<p>[\/vc_column_text][vc_column_text]<\/p>\n<h5 style=\"margin: 0 10px 0 0; display: inline-block;\">Modulus of Elasticity:<\/h5>\n<p style=\"display: inline-block;\"><span style=\"color: #989898;\">10-15 kN \/ mm\u00b2\u00a0<\/span><\/p>\n<p>[\/vc_column_text][vc_column_text]<\/p>\n<h5 style=\"margin: 0 10px 0 0; display: inline-block;\">Density:<\/h5>\n<p style=\"display: inline-block;\"><span style=\"color: #989898;\">1,8 \u2013 2 kg \/ dm\u00b3\u00a0<\/span><\/p>\n<p>[\/vc_column_text][vc_column_text]<\/p>\n<h5 style=\"margin: 0 10px 0 0; display: inline-block;\">Fire Resistance:<\/h5>\n<p style=\"display: inline-block;\"><span style=\"color: #989898;\">(DIN 4102) A1<\/span><\/p>\n<p>[\/vc_column_text][vc_empty_space]<a itemprop=\"url\" href=\"#\" target=\"_self\"  class=\"qodef-btn qodef-btn-large qodef-btn-solid qodef-btn-icon qodef-btn-underlined\"  >\n\t    <span class=\"qodef-btn-text\">download material safety data sheet<\/span>\n    <i class=\"qodef-icon-font-awesome fa fa-download \" ><\/i><\/a>\t\t<\/div>\n\t<\/div>\n<\/div><\/div>[\/vc_column][\/vc_row][vc_row][vc_column][\/vc_column][\/vc_row]<\/p>\n<\/div>","protected":false},"excerpt":{"rendered":"<p>[vc_row full_height=&#8221;yes&#8221;][vc_column][rev_slider_vc alias=&#8221;desostone&#8221; enable_paspartu=&#8221;no&#8221;][\/vc_column][\/vc_row][vc_row full_width=&#8221;stretch_row_content&#8221; css=&#8221;.vc_custom_1557429123731{padding-top: 0px !important;padding-bottom: 0px !important;}&#8221;][vc_c&#8230;<\/p>\n","protected":false},"author":1,"featured_media":0,"parent":0,"menu_order":0,"comment_status":"closed","ping_status":"closed","template":"","meta":{"inline_featured_image":false,"footnotes":""},"aioseo_notices":[],"_links":{"self":[{"href":"https:\/\/www.desos.com\/wp-json\/wp\/v2\/pages\/6336"}],"collection":[{"href":"https:\/\/www.desos.com\/wp-json\/wp\/v2\/pages"}],"about":[{"href":"https:\/\/www.desos.com\/wp-json\/wp\/v2\/types\/page"}],"author":[{"embeddable":true,"href":"https:\/\/www.desos.com\/wp-json\/wp\/v2\/users\/1"}],"replies":[{"embeddable":true,"href":"https:\/\/www.desos.com\/wp-json\/wp\/v2\/comments?post=6336"}],"version-history":[{"count":5,"href":"https:\/\/www.desos.com\/wp-json\/wp\/v2\/pages\/6336\/revisions"}],"predecessor-version":[{"id":6974,"href":"https:\/\/www.desos.com\/wp-json\/wp\/v2\/pages\/6336\/revisions\/6974"}],"wp:attachment":[{"href":"https:\/\/www.desos.com\/wp-json\/wp\/v2\/media?parent=6336"}],"curies":[{"name":"wp","href":"https:\/\/api.w.org\/{rel}","templated":true}]}}