{"id":6339,"date":"2019-09-15T19:59:52","date_gmt":"2019-09-15T19:59:52","guid":{"rendered":"https:\/\/ayhanarslan.com\/projects\/0025desos\/?page_id=6339"},"modified":"2020-04-04T11:15:15","modified_gmt":"2020-04-04T11:15:15","slug":"desopoly","status":"publish","type":"page","link":"https:\/\/www.desos.com\/en_US\/desopoly\/","title":{"rendered":"DesoPoly | GFRP"},"content":{"rendered":"<div class=\"wpb-content-wrapper\"><p>[vc_row full_height=&#8221;yes&#8221;][vc_column][rev_slider_vc alias=&#8221;desopoly&#8221; enable_paspartu=&#8221;no&#8221;][\/vc_column][\/vc_row][vc_row full_width=&#8221;stretch_row_content&#8221; css=&#8221;.vc_custom_1557429123731{padding-top: 0px !important;padding-bottom: 0px !important;}&#8221;][vc_column]<div class=\"qodef-elements-holder   qodef-three-columns  qodef-responsive-mode-768 \" ><div class=\"qodef-eh-item    \" style=\"background-color: #f8f8f8\" data-item-class=\"qodef-eh-custom-7013\" data-1367-1600=\"87px 0 94px 44%\" data-1025-1366=\"87px 0 94px 44%\" data-769-1024=\"87px 0 94px 24%\" data-681-768=\"87px 0 0 41%\" data-680=\"87px 0 0 28%\">\n\t<div class=\"qodef-eh-item-inner\">\n\t\t<div class=\"qodef-eh-item-content qodef-eh-custom-7013\" style=\"padding: 87px 0 94px 54%\">\n\t\t\t[vc_column_text]<\/p>\n<h2><span style=\"font-size: 35px;\">221 MPa<\/span><\/h2>\n<h4 style=\"margin-top: 9px;\">Flexural Strenght<\/h4>\n<p>[\/vc_column_text]\t\t<\/div>\n\t<\/div>\n<\/div><div class=\"qodef-eh-item    \" style=\"background-color: #f8f8f8\" data-item-class=\"qodef-eh-custom-6039\" data-1367-1600=\"87px 0 94px 95px\" data-1025-1366=\"87px 0 94px 87px\" data-769-1024=\"87px 0 94px 37px\" data-681-768=\"60px 0 0 41%\" data-680=\"60px 0 0 28%\">\n\t<div class=\"qodef-eh-item-inner\">\n\t\t<div class=\"qodef-eh-item-content qodef-eh-custom-6039\" style=\"padding: 87px 0 94px 150px\">\n\t\t\t[vc_column_text]<\/p>\n<h2><span style=\"font-size: 35px;\">110 MPa<\/span><\/h2>\n<h4 style=\"margin-top: 9px;\">Tensile Strenght<\/h4>\n<p>[\/vc_column_text]\t\t<\/div>\n\t<\/div>\n<\/div><div class=\"qodef-eh-item    \" style=\"background-color: #f8f8f8\" data-item-class=\"qodef-eh-custom-3129\" data-1367-1600=\"87px 0 94px 65px\" data-1025-1366=\"87px 0 94px 53px\" data-769-1024=\"87px 0 94px 15px\" data-681-768=\"60px 0 0 41%\" data-680=\"60px 0 0 28%\">\n\t<div class=\"qodef-eh-item-inner\">\n\t\t<div class=\"qodef-eh-item-content qodef-eh-custom-3129\" style=\"padding: 87px 0 94px 85px\">\n\t\t\t[vc_column_text]<\/p>\n<h2><span style=\"font-size: 35px;\">10.5 GPa<\/span><\/h2>\n<h4 style=\"margin-top: 9px;\">Modulus of Elasticity<\/h4>\n<p>[\/vc_column_text]\t\t<\/div>\n\t<\/div>\n<\/div><div class=\"qodef-eh-item    \" style=\"background-color: #f8f8f8\" data-item-class=\"qodef-eh-custom-7929\" data-1367-1600=\"87px 0 94px 40px\" data-1025-1366=\"87px 0 94px 70px\" data-769-1024=\"87px 0 94px 50px\" data-681-768=\"60px 0 0 41%\" data-680=\"60px 0 0 28%\">\n\t<div class=\"qodef-eh-item-inner\">\n\t\t<div class=\"qodef-eh-item-content qodef-eh-custom-7929\" style=\"padding: 87px 0 94px 70px\">\n\t\t\t[vc_column_text]<\/p>\n<h2><span style=\"font-size: 35px;\">%0,3<\/span><\/h2>\n<h4 style=\"margin-top: 9px;\">Water Absorption<\/h4>\n<p>[\/vc_column_text]\t\t<\/div>\n\t<\/div>\n<\/div><div class=\"qodef-eh-item    \" style=\"background-color: #f8f8f8\" data-item-class=\"qodef-eh-custom-3757\" data-1367-1600=\"87px 0 94px 10px\" data-1025-1366=\"87px 0 94px 25px\" data-769-1024=\"87px 0 94px 20px\" data-681-768=\"60px 0 95px 41%\" data-680=\"60px 0 95px 28%\">\n\t<div class=\"qodef-eh-item-inner\">\n\t\t<div class=\"qodef-eh-item-content qodef-eh-custom-3757\" style=\"padding: 87px 0 94px 0px\">\n\t\t\t[vc_column_text]<\/p>\n<h2><span style=\"font-size: 35px;\">3mm<\/span><\/h2>\n<h4 style=\"margin-top: 9px;\">Thickness<\/h4>\n<p>[\/vc_column_text]\t\t<\/div>\n\t<\/div>\n<\/div><\/div>[\/vc_column][\/vc_row][vc_row][vc_column width=&#8221;1\/4&#8243;][\/vc_column][vc_column width=&#8221;1\/2&#8243;][vc_empty_space height=&#8221;60px&#8221;][vc_single_image image=&#8221;6435&#8243; img_size=&#8221;full&#8221; alignment=&#8221;center&#8221;][vc_empty_space height=&#8221;60px&#8221;]<div class=\"qodef-section-title-holder  qodef-st-standard qodef-st-title-left qodef-st-normal-space \" style=\"text-align: center\">\n\t<div class=\"qodef-st-inner\">\n\t\t\t\t\t\t\t<h2 class=\"qodef-st-title\" >\n\t\t\t\tMuch more than a Polymer\t\t\t<\/h2>\n\t\t\t\t\t\t\t<h4 class=\"qodef-st-text\" style=\"font-size: 18px;font-weight: 400\">\n\t\t\t\tStrongest among the Glass Fiber Reinforced Plastics segment.\t\t\t<\/h4>\n\t\t\t<\/div>\n<\/div>[vc_empty_space height=&#8221;60px&#8221;][\/vc_column][vc_column width=&#8221;1\/4&#8243;][\/vc_column][\/vc_row][vc_row][vc_column width=&#8221;1\/3&#8243;][vc_single_image image=&#8221;6679&#8243; img_size=&#8221;full&#8221; alignment=&#8221;center&#8221;][vc_empty_space height=&#8221;30px&#8221;]<div class=\"qodef-section-title-holder  qodef-st-standard qodef-st-title-left qodef-st-normal-space \" style=\"text-align: center\">\n\t<div class=\"qodef-st-inner\">\n\t\t\t\t\t\t\t<h2 class=\"qodef-st-title\" >\n\t\t\t\tForm Freedom\t\t\t<\/h2>\n\t\t\t\t\t\t\t<h4 class=\"qodef-st-text\" style=\"font-size: 18px;font-weight: 400\">\n\t\t\t\tDesoPoly, which can be produced in virtually any form, texture and color can also provide flexibility for architectural details with minimal deviation from the design.\t\t\t<\/h4>\n\t\t\t<\/div>\n<\/div>[\/vc_column][vc_column width=&#8221;1\/3&#8243;][vc_single_image image=&#8221;6684&#8243; img_size=&#8221;full&#8221; alignment=&#8221;center&#8221;][vc_empty_space height=&#8221;30px&#8221;]<div class=\"qodef-section-title-holder  qodef-st-standard qodef-st-title-left qodef-st-normal-space \" style=\"text-align: center\">\n\t<div class=\"qodef-st-inner\">\n\t\t\t\t\t\t\t<h2 class=\"qodef-st-title\" >\n\t\t\t\tHigh Performance\t\t\t<\/h2>\n\t\t\t\t\t\t\t<h4 class=\"qodef-st-text\" style=\"font-size: 18px;font-weight: 400\">\n\t\t\t\tOur custom and enhanced mix designs, provide greater physical properties than regular glass fiber reinforced plastics.\t\t\t<\/h4>\n\t\t\t<\/div>\n<\/div>[\/vc_column][vc_column width=&#8221;1\/3&#8243;][vc_single_image image=&#8221;6682&#8243; img_size=&#8221;full&#8221; alignment=&#8221;center&#8221;][vc_empty_space height=&#8221;30px&#8221;]<div class=\"qodef-section-title-holder  qodef-st-standard qodef-st-title-left qodef-st-normal-space \" style=\"text-align: center\">\n\t<div class=\"qodef-st-inner\">\n\t\t\t\t\t\t\t<h2 class=\"qodef-st-title\" >\n\t\t\t\tFire Resistance\t\t\t<\/h2>\n\t\t\t\t\t\t\t<h4 class=\"qodef-st-text\" style=\"font-size: 18px;font-weight: 400\">\n\t\t\t\tProduced with fire-resistant resins, DesoPoly provides higher fire resistance and slower fire spread speeds than other GFRP productions.\t\t\t<\/h4>\n\t\t\t<\/div>\n<\/div>[\/vc_column][\/vc_row][vc_row css=&#8221;.vc_custom_1557429680020{padding-top: 60px !important;}&#8221;][vc_column width=&#8221;1\/3&#8243;][vc_single_image image=&#8221;6678&#8243; img_size=&#8221;full&#8221; alignment=&#8221;center&#8221;][vc_empty_space height=&#8221;30px&#8221;]<div class=\"qodef-section-title-holder  qodef-st-standard qodef-st-title-left qodef-st-normal-space \" style=\"text-align: center\">\n\t<div class=\"qodef-st-inner\">\n\t\t\t\t\t\t\t<h2 class=\"qodef-st-title\" >\n\t\t\t\tCoremat\t\t\t<\/h2>\n\t\t\t\t\t\t\t<h4 class=\"qodef-st-text\" style=\"font-size: 18px;font-weight: 400\">\n\t\t\t\tDesoPoly products endure much longer life spans than regular GFRP productions with their Coremat back reinforcement.\t\t\t<\/h4>\n\t\t\t<\/div>\n<\/div>[\/vc_column][vc_column width=&#8221;1\/3&#8243;][vc_single_image image=&#8221;6683&#8243; img_size=&#8221;full&#8221; alignment=&#8221;center&#8221;][vc_empty_space height=&#8221;30px&#8221;]<div class=\"qodef-section-title-holder  qodef-st-standard qodef-st-title-left qodef-st-normal-space \" style=\"text-align: center\">\n\t<div class=\"qodef-st-inner\">\n\t\t\t\t\t\t\t<h2 class=\"qodef-st-title\" >\n\t\t\t\tInstallation\t\t\t<\/h2>\n\t\t\t\t\t\t\t<h4 class=\"qodef-st-text\" style=\"font-size: 18px;font-weight: 400\">\n\t\t\t\tWe provide fast and precise installation by selecting the optimal detail from tens of details all perfected by Desos' technical team.\t\t\t<\/h4>\n\t\t\t<\/div>\n<\/div>[\/vc_column][vc_column width=&#8221;1\/3&#8243;][vc_single_image image=&#8221;6685&#8243; img_size=&#8221;full&#8221; alignment=&#8221;center&#8221;][vc_empty_space height=&#8221;30px&#8221;]<div class=\"qodef-section-title-holder  qodef-st-standard qodef-st-title-left qodef-st-normal-space \" style=\"text-align: center\">\n\t<div class=\"qodef-st-inner\">\n\t\t\t\t\t\t\t<h2 class=\"qodef-st-title\" >\n\t\t\t\tDesign Freedom\t\t\t<\/h2>\n\t\t\t\t\t\t\t<h4 class=\"qodef-st-text\" style=\"font-size: 18px;font-weight: 400\">\n\t\t\t\tDesoPoly elements, which are custom-designed for you and your project allows a continuous flow on your fa\u00e7ade.\t\t\t<\/h4>\n\t\t\t<\/div>\n<\/div>[\/vc_column][\/vc_row][vc_row row_content_width=&#8221;grid&#8221; css=&#8221;.vc_custom_1544010040074{padding-top: 130px !important;padding-bottom: 130px !important;}&#8221;][vc_column offset=&#8221;vc_col-lg-6 vc_col-md-12&#8243;]<div class=\"qodef-visual-effects-holder  qodef-veh-uncover qodef-veh-from-left\" >\n\t<div class=\"qodef-veh-inner\">\n\t\t\t\t\t<div class=\"qodef-veh-mask\"  style=\"background-color: #ffffff\"><\/div>\n\t\t\t\t<div class=\"qodef-veh-content\">\n\t\t\t[vc_single_image image=&#8221;6840&#8243; img_size=&#8221;full&#8221;]\t\t<\/div>\n\t<\/div>\n<\/div>[\/vc_column][vc_column offset=&#8221;vc_col-lg-6 vc_col-md-12&#8243;]<div class=\"qodef-elements-holder   qodef-one-column  qodef-responsive-mode-768 \" ><div class=\"qodef-eh-item    \"  data-item-class=\"qodef-eh-custom-9469\" data-769-1024=\"80px 125px 0 0\" data-681-768=\"80px 0 0 0\" data-680=\"80px 0 0 0\">\n\t<div class=\"qodef-eh-item-inner\">\n\t\t<div class=\"qodef-eh-item-content qodef-eh-custom-9469\" >\n\t\t\t<div class=\"qodef-section-title-holder  qodef-st-standard qodef-st-title-left qodef-st-normal-space \" >\n\t<div class=\"qodef-st-inner\">\n\t\t\t\t\t\t\t<h1 class=\"qodef-st-title\" >\n\t\t\t\tMalzeme Performans\u0131\t\t\t<\/h1>\n\t\t\t\t\t\t\t<h4 class=\"qodef-st-text\" style=\"font-size: 18px;line-height: 26px;font-weight: 400\">\n\t\t\t\tDESOPOLY\u2019nin performans de\u011ferlerini a\u015fa\u011f\u0131da bulabilirsiniz. \u0130htiya\u00e7lar\u0131n\u0131z\u0131 kar\u015f\u0131lay\u0131p,<br \/>\nkar\u015f\u0131lamad\u0131\u011f\u0131n\u0131 g\u00f6rebilir, kar\u015f\u0131lamamas\u0131 durumunda ba\u015fka Desos Precast \u00fcr\u00fcn gruplar\u0131n\u0131<br \/>\ninceleyebilirsiniz.\t\t\t<\/h4>\n\t\t\t<\/div>\n<\/div>[vc_empty_space height=&#8221;14px&#8221;][vc_empty_space height=&#8221;20px&#8221;][vc_column_text]<\/p>\n<h5 style=\"margin: 0 10px 0 0; display: inline-block;\">Flame Spread Index:<\/h5>\n<p style=\"display: inline-block;\"><span style=\"color: #989898;\">\u226425 (Class A)<\/span><\/p>\n<p>[\/vc_column_text][vc_column_text]<\/p>\n<h5 style=\"margin: 0 10px 0 0; display: inline-block;\">Smoke Development:<\/h5>\n<p style=\"display: inline-block;\"><span style=\"color: #989898;\">\u2264450 (Class A)<\/span><\/p>\n<p>[\/vc_column_text][vc_column_text]<\/p>\n<h5 style=\"margin: 0 10px 0 0; display: inline-block;\">Flexural Strenght:<\/h5>\n<p style=\"display: inline-block;\"><span style=\"color: #989898;\">221 MPa<\/span><\/p>\n<p>[\/vc_column_text][vc_column_text]<\/p>\n<h5 style=\"margin: 0 10px 0 0; display: inline-block;\">Tensile Strenght:<\/h5>\n<p style=\"display: inline-block;\"><span style=\"color: #989898;\">110 MPa<\/span><\/p>\n<p>[\/vc_column_text][vc_column_text]<\/p>\n<h5 style=\"margin: 0 10px 0 0; display: inline-block;\">Modlulus of Elasticity:<\/h5>\n<p style=\"display: inline-block;\"><span style=\"color: #989898;\">10,5 GPa<\/span><\/p>\n<p>[\/vc_column_text][vc_column_text]<\/p>\n<h5 style=\"margin: 0 10px 0 0; display: inline-block;\">Impact Resistance:<\/h5>\n<p style=\"display: inline-block;\"><span style=\"color: #989898;\">12 ft-lb \/ 643 J \/ m<\/span><\/p>\n<p>[\/vc_column_text][vc_column_text]<\/p>\n<h5 style=\"margin: 0 10px 0 0; display: inline-block;\">Barcol Hardness:<\/h5>\n<p style=\"display: inline-block;\"><span style=\"color: #989898;\">44<\/span><\/p>\n<p>[\/vc_column_text][vc_column_text]<\/p>\n<h5 style=\"margin: 0 10px 0 0; display: inline-block;\">Heat Deviation:<\/h5>\n<p style=\"display: inline-block;\"><span style=\"color: #989898;\">&gt; 513oF 285oC<\/span><\/p>\n<p>[\/vc_column_text][vc_column_text]<\/p>\n<h5 style=\"margin: 0 10px 0 0; display: inline-block;\">Heat Transfer Coefficient :<\/h5>\n<p style=\"display: inline-block;\"><span style=\"color: #989898;\">2.73 x 10-5 in \/ \/ 1.5 x 10-6 in \/ in \/ oC<\/span><\/p>\n<p>[\/vc_column_text][vc_column_text]<\/p>\n<h5 style=\"margin: 0 10px 0 0; display: inline-block;\">Water Absorption:<\/h5>\n<p style=\"display: inline-block;\"><span style=\"color: #989898;\">% 0,3\u00a0<\/span><\/p>\n<p>[\/vc_column_text][vc_column_text]<\/p>\n<h5 style=\"margin: 0 10px 0 0; display: inline-block;\">Abrasion Resistance:<\/h5>\n<p style=\"display: inline-block;\"><span style=\"color: #989898;\">85 mg<\/span><\/p>\n<p>[\/vc_column_text][vc_column_text]<\/p>\n<h5 style=\"margin: 0 10px 0 0; display: inline-block;\">Interlaminar Repulse:<\/h5>\n<p style=\"display: inline-block;\"><span style=\"color: #989898;\">1.050 \u00a3 force 4670 N<\/span><\/p>\n<p>[\/vc_column_text][vc_column_text]<\/p>\n<h5 style=\"margin: 0 10px 0 0; display: inline-block;\">Thickness:<\/h5>\n<p style=\"display: inline-block;\"><span style=\"color: #989898;\">3 mm<\/span><\/p>\n<p>[\/vc_column_text][vc_column_text]<\/p>\n<h5 style=\"margin: 0 10px 0 0; display: inline-block;\">Density:<\/h5>\n<p style=\"display: inline-block;\"><span style=\"color: #989898;\">1760 kg\/m3<\/span><\/p>\n<p>[\/vc_column_text][vc_empty_space]<a itemprop=\"url\" href=\"#\" target=\"_self\"  class=\"qodef-btn qodef-btn-large qodef-btn-solid qodef-btn-icon qodef-btn-underlined\"  >\n\t    <span class=\"qodef-btn-text\">download material safety data sheet<\/span>\n    <i class=\"qodef-icon-font-awesome fa fa-download \" ><\/i><\/a>\t\t<\/div>\n\t<\/div>\n<\/div><\/div>[\/vc_column][\/vc_row][vc_row][vc_column][\/vc_column][\/vc_row]<\/p>\n<\/div>","protected":false},"excerpt":{"rendered":"<p>[vc_row full_height=&#8221;yes&#8221;][vc_column][rev_slider_vc alias=&#8221;desopoly&#8221; enable_paspartu=&#8221;no&#8221;][\/vc_column][\/vc_row][vc_row full_width=&#8221;stretch_row_content&#8221; css=&#8221;.vc_custom_1557429123731{padding-top: 0px !important;padding-bottom: 0px !important;}&#8221;][vc_co&#8230;<\/p>\n","protected":false},"author":1,"featured_media":0,"parent":0,"menu_order":0,"comment_status":"closed","ping_status":"closed","template":"","meta":{"inline_featured_image":false,"footnotes":""},"aioseo_notices":[],"_links":{"self":[{"href":"https:\/\/www.desos.com\/wp-json\/wp\/v2\/pages\/6339"}],"collection":[{"href":"https:\/\/www.desos.com\/wp-json\/wp\/v2\/pages"}],"about":[{"href":"https:\/\/www.desos.com\/wp-json\/wp\/v2\/types\/page"}],"author":[{"embeddable":true,"href":"https:\/\/www.desos.com\/wp-json\/wp\/v2\/users\/1"}],"replies":[{"embeddable":true,"href":"https:\/\/www.desos.com\/wp-json\/wp\/v2\/comments?post=6339"}],"version-history":[{"count":5,"href":"https:\/\/www.desos.com\/wp-json\/wp\/v2\/pages\/6339\/revisions"}],"predecessor-version":[{"id":6991,"href":"https:\/\/www.desos.com\/wp-json\/wp\/v2\/pages\/6339\/revisions\/6991"}],"wp:attachment":[{"href":"https:\/\/www.desos.com\/wp-json\/wp\/v2\/media?parent=6339"}],"curies":[{"name":"wp","href":"https:\/\/api.w.org\/{rel}","templated":true}]}}